{"id":2593,"date":"2025-10-20T03:16:21","date_gmt":"2025-10-20T01:16:21","guid":{"rendered":"https:\/\/azubiwerk-hamburg.de\/?page_id=2593"},"modified":"2025-10-20T05:48:07","modified_gmt":"2025-10-20T03:48:07","slug":"wichtige-infos-harburg","status":"publish","type":"page","link":"https:\/\/azubiwerk-hamburg.de\/es\/wichtige-infos-harburg\/","title":{"rendered":"Wichtige Infos Harburg"},"content":{"rendered":"<div class=\"wp-block-group alignwide\"><div class=\"wp-block-group__inner-container is-layout-constrained wp-block-group-is-layout-constrained\">\n<h2 class=\"wp-block-heading has-nv-text-dark-bg-color has-neve-link-color-background-color has-text-color has-background has-link-color wp-elements-295f72b2754a58e1845c5e4a8b41dca7\">Wichtige Infos<\/h2>\n\n\n\n<div class=\"wp-block-group\"><div class=\"wp-block-group__inner-container is-layout-constrained wp-block-group-is-layout-constrained\">\n<h3 class=\"wp-block-heading\">P\u00f3ngase en contacto con nosotros<\/h3>\n\n\n\n<p><strong>Wir sind in Wandsbek 24\/7, 365 Tage im Jahr, erreichbar<\/strong>. Wenn du ein also dringende Anliegen oder Beschwerden hast, kannst du dich jederzeit (<strong>auch zu jeder Stunde der Nacht<\/strong>) bei uns melden. Die Besetzung am Empfang vor Ort ist planm\u00e4\u00dfig w\u00f6chentlich ausgeh\u00e4ngt. Anfragen per Email werden auch extern bearbeitet, sind also nicht von der Besetzung abh\u00e4ngig.<\/p>\n\n\n\n<p><strong>Email<\/strong>: <a href=\"mailto:empfang-harburg@azubiwerk-hamburg.net\">empfang-harburg@azubiwerk-hamburg.net<\/a><\/p>\n\n\n\n<p><strong>Tel\u00e9fono:<\/strong> 040 \/ 883 609 490<\/p>\n\n\n\n<p><strong>Telefon<\/strong> <strong>Wandsbek<\/strong>: 040 \/ 6077 144 70<\/p>\n\n\n\n<h3 class=\"wp-block-heading\">Kurze Grundregeln im \u00dcberblick<\/h3>\n\n\n\n<ul class=\"wp-block-list\">\n<li>Auf dem gesamten Gel\u00e4nde (innen und au\u00dfen) sind <strong>Hartalkohol and Cannabis (sowie illegale Drogen) verboten<\/strong>. Auch wenn du 18 oder \u00e4lter bist.<\/li>\n\n\n\n<li><strong>Partys sind in den Zimmern<\/strong> bzw. Gemeinschaftsfl\u00e4chen <strong>nicht erlaubt<\/strong>.<\/li>\n\n\n\n<li><strong>Besuch ab 22:00 Uhr<\/strong> gilt als &#8222;\u00dcbernachtungsbesuch&#8220;, kann <strong>maximal 8 Mal im Monat<\/strong> eingeladen werden und ist nur mit Absprache und Zustimmung deiner Mitbewohner:innen gestattet. L\u00e4gerfristiger Aufenthalt \u00fcber Wochen oder l\u00e4nger ist nicht erlaubt. Dein Besuch darf sich au\u00dferdem <strong>nicht alleine<\/strong> im Geb\u00e4ude aufhalten.<\/li>\n\n\n\n<li><strong>Bitte entsorge deinen M\u00fcll regelm\u00e4\u00dfig und ordentlich<\/strong> in den Tonnen. Das Abstellen von M\u00fcll neben den Tonnen ist verboten und l\u00f6st immer den Ketteneffekt aus, sodass sich immer mehr M\u00fcll auf dem Hof sammelt.<\/li>\n\n\n\n<li><strong>Ab 22:00 Uhr<\/strong> herrscht im Haus und auch im Au\u00dfenbereich <strong>Nachtruhe<\/strong>. <\/li>\n\n\n\n<li><strong>Wenn du dich aussperrst<\/strong> oder deine Karte verlierst, kannst du im <strong>Azubiwerk Wandsbek anrufen<\/strong> und dir eine Ersatzkarte ausstellen lassen. Bitte beachte, dass dabei <strong>Bearbeitungsgeb\u00fchren<\/strong> anfallen. Ebenso fallen Kosten beim Neudruck eines neuen Bewohnerausweises an, also pass bitte gut auf deinen auf.<\/li>\n<\/ul>\n<\/div><\/div>\n\n\n\n<div class=\"wp-block-columns is-layout-flex wp-container-core-columns-is-layout-9d6595d7 wp-block-columns-is-layout-flex\">\n<div class=\"wp-block-column is-layout-flow wp-block-column-is-layout-flow\">\n<div class=\"wp-block-group\"><div class=\"wp-block-group__inner-container is-layout-constrained wp-block-group-is-layout-constrained\">\n<h3 class=\"wp-block-heading\">Azubiwerk <\/h3>\n\n\n\n<div class=\"wp-block-buttons is-layout-flex wp-block-buttons-is-layout-flex\">\n<div class=\"wp-block-button is-style-primary\"><a class=\"wp-block-button__link wp-element-button\" href=\"https:\/\/azubiwerk-hamburg.de\/wp-content\/uploads\/2025\/10\/Hausordnung-Azubiwerk-Harburg-vom-01.11.2021-1.pdf\" target=\"_blank\" rel=\"noreferrer noopener\">Hausordnung (DE)<\/a><\/div>\n\n\n\n<div class=\"wp-block-button is-style-default\"><a class=\"wp-block-button__link wp-element-button\">Hausordnung (EN)<\/a><\/div>\n<\/div>\n\n\n\n<div class=\"wp-block-buttons is-layout-flex wp-block-buttons-is-layout-flex\">\n<div class=\"wp-block-button is-style-primary\"><a class=\"wp-block-button__link wp-element-button\" href=\"https:\/\/azubiwerk-hamburg.de\/wp-content\/uploads\/2025\/10\/Infos-fuer-Bewohnerinnen-Harburg.pdf\" target=\"_blank\" rel=\"noreferrer noopener\">Allgemeine Infos Azubiwerk Harburg (DE)<\/a><\/div>\n\n\n\n<div class=\"wp-block-button is-style-primary\"><a class=\"wp-block-button__link wp-element-button\" href=\"https:\/\/azubiwerk-hamburg.de\/wp-content\/uploads\/2025\/10\/Infos-fuer-Bewohnerinnen-Harburg-englisch.pdf\" target=\"_blank\" rel=\"noreferrer noopener\">Geneal Information for residents (EN)<\/a><\/div>\n<\/div>\n\n\n\n<div class=\"wp-block-buttons is-layout-flex wp-block-buttons-is-layout-flex\">\n<div class=\"wp-block-button is-style-primary\"><a class=\"wp-block-button__link wp-element-button\" href=\"https:\/\/azubiwerk-hamburg.de\/es\/fahrrad-harburg\/\" target=\"_blank\" rel=\"noreferrer noopener\">Fahrradstellpl\u00e4tze<\/a><\/div>\n<\/div>\n<\/div><\/div>\n<\/div>\n\n\n\n<div class=\"wp-block-column is-layout-flow wp-block-column-is-layout-flow\">\n<div class=\"wp-block-group\"><div class=\"wp-block-group__inner-container is-layout-constrained wp-block-group-is-layout-constrained\">\n<h3 class=\"wp-block-heading\">Leben in einer WG<\/h3>\n\n\n\n<div class=\"wp-block-buttons is-layout-flex wp-block-buttons-is-layout-flex\">\n<div class=\"wp-block-button is-style-primary\"><a class=\"wp-block-button__link wp-element-button\" href=\"https:\/\/azubiwerk-hamburg.de\/wp-content\/uploads\/2025\/10\/Must-have-Reinigungsmittel-deutsch.pdf\" target=\"_blank\" rel=\"noreferrer noopener\">Reinigungsmittel (DE)<\/a><\/div>\n\n\n\n<div class=\"wp-block-button is-style-primary\"><a class=\"wp-block-button__link wp-element-button\" href=\"https:\/\/azubiwerk-hamburg.de\/wp-content\/uploads\/2025\/10\/Must-have-Reinigungsmittel-englisch.pdf\" target=\"_blank\" rel=\"noreferrer noopener\">Cleaning supplies (EN)<\/a><\/div>\n<\/div>\n\n\n\n<div class=\"wp-block-buttons is-layout-flex wp-block-buttons-is-layout-flex\">\n<div class=\"wp-block-button is-style-primary\"><a class=\"wp-block-button__link wp-element-button\" href=\"https:\/\/azubiwerk-hamburg.de\/wp-content\/uploads\/2025\/10\/Checkliste-Putzroutine-deutsch.pdf\" target=\"_blank\" rel=\"noreferrer noopener\">Checkliste Reinigungsroutine (DE)<\/a><\/div>\n\n\n\n<div class=\"wp-block-button is-style-primary\"><a class=\"wp-block-button__link wp-element-button\" href=\"https:\/\/azubiwerk-hamburg.de\/wp-content\/uploads\/2025\/10\/Checkliste-cleaning-routine-english.pdf\" target=\"_blank\" rel=\"noreferrer noopener\">Cleaning routine (EN)<\/a><\/div>\n<\/div>\n\n\n\n<div class=\"wp-block-buttons is-layout-flex wp-block-buttons-is-layout-flex\">\n<div class=\"wp-block-button is-style-primary\"><a class=\"wp-block-button__link wp-element-button\" href=\"https:\/\/azubiwerk-hamburg.de\/wp-content\/uploads\/2025\/10\/Umgebung-Einkaufsmoeglichkeiten-HB.pdf\" target=\"_blank\" rel=\"noreferrer noopener\">Einkaufsm\u00f6glichkeiten in der Umgebung<\/a><\/div>\n<\/div>\n\n\n\n<div class=\"wp-block-buttons is-layout-flex wp-block-buttons-is-layout-flex\">\n<div class=\"wp-block-button is-style-primary\"><a class=\"wp-block-button__link wp-element-button\" href=\"https:\/\/azubiwerk-hamburg.de\/wp-content\/uploads\/2025\/10\/Merkblatt-BAB.pdf\" target=\"_blank\" rel=\"noreferrer noopener\">Info BAB<\/a><\/div>\n<\/div>\n<\/div><\/div>\n<\/div>\n<\/div>\n<\/div><\/div>\n\n\n\n<p><\/p>","protected":false},"excerpt":{"rendered":"<p>Wichtige Infos Kontakt Wir sind in Wandsbek 24\/7, 365 Tage im Jahr, erreichbar. Wenn du ein also dringende Anliegen oder Beschwerden hast, kannst du dich jederzeit (auch zu jeder Stunde der Nacht) bei uns melden. Die Besetzung am Empfang vor Ort ist planm\u00e4\u00dfig w\u00f6chentlich ausgeh\u00e4ngt. Anfragen per Email werden auch extern bearbeitet, sind also nicht&hellip;&nbsp;<a href=\"https:\/\/azubiwerk-hamburg.de\/es\/wichtige-infos-harburg\/\" rel=\"bookmark\">M\u00c1S<span class=\"screen-reader-text\">Wichtige Infos Harburg<\/span><\/a><\/p>","protected":false},"author":4,"featured_media":0,"parent":0,"menu_order":0,"comment_status":"closed","ping_status":"closed","template":"","meta":{"neve_meta_sidebar":"","neve_meta_container":"","neve_meta_enable_content_width":"","neve_meta_content_width":0,"neve_meta_title_alignment":"","neve_meta_author_avatar":"","neve_post_elements_order":"","neve_meta_disable_header":"","neve_meta_disable_footer":"","neve_meta_disable_title":"","neve_meta_reading_time":"","footnotes":""},"class_list":["post-2593","page","type-page","status-publish","hentry"],"_links":{"self":[{"href":"https:\/\/azubiwerk-hamburg.de\/es\/wp-json\/wp\/v2\/pages\/2593","targetHints":{"allow":["GET"]}}],"collection":[{"href":"https:\/\/azubiwerk-hamburg.de\/es\/wp-json\/wp\/v2\/pages"}],"about":[{"href":"https:\/\/azubiwerk-hamburg.de\/es\/wp-json\/wp\/v2\/types\/page"}],"author":[{"embeddable":true,"href":"https:\/\/azubiwerk-hamburg.de\/es\/wp-json\/wp\/v2\/users\/4"}],"replies":[{"embeddable":true,"href":"https:\/\/azubiwerk-hamburg.de\/es\/wp-json\/wp\/v2\/comments?post=2593"}],"version-history":[{"count":2,"href":"https:\/\/azubiwerk-hamburg.de\/es\/wp-json\/wp\/v2\/pages\/2593\/revisions"}],"predecessor-version":[{"id":2610,"href":"https:\/\/azubiwerk-hamburg.de\/es\/wp-json\/wp\/v2\/pages\/2593\/revisions\/2610"}],"wp:attachment":[{"href":"https:\/\/azubiwerk-hamburg.de\/es\/wp-json\/wp\/v2\/media?parent=2593"}],"curies":[{"name":"wp","href":"https:\/\/api.w.org\/{rel}","templated":true}]}}