{"id":2548,"date":"2025-10-20T03:16:11","date_gmt":"2025-10-20T01:16:11","guid":{"rendered":"https:\/\/azubiwerk-hamburg.de\/?page_id=2548"},"modified":"2025-10-20T03:16:11","modified_gmt":"2025-10-20T01:16:11","slug":"wichtige-infos-wandsbek","status":"publish","type":"page","link":"https:\/\/azubiwerk-hamburg.de\/es\/wichtige-infos-wandsbek\/","title":{"rendered":"Wichtige Infos Wandsbek"},"content":{"rendered":"<div class=\"wp-block-group alignwide\"><div class=\"wp-block-group__inner-container is-layout-constrained wp-block-group-is-layout-constrained\">\n<h2 class=\"wp-block-heading has-nv-text-dark-bg-color has-neve-link-color-background-color has-text-color has-background has-link-color wp-elements-295f72b2754a58e1845c5e4a8b41dca7\">Wichtige Infos<\/h2>\n\n\n\n<div class=\"wp-block-group\"><div class=\"wp-block-group__inner-container is-layout-constrained wp-block-group-is-layout-constrained\">\n<h3 class=\"wp-block-heading\">P\u00f3ngase en contacto con nosotros<\/h3>\n\n\n\n<p><strong>Wir sind in Wandsbek 24\/7, 365 Tage im Jahr, erreichbar<\/strong>. Wenn du ein Anliegen oder z.B. Beschwerden wegen L\u00e4rmbel\u00e4stigung hast, kannst du dich jederzeit (<strong>auch zu jeder Stunde der Nacht<\/strong>) bei uns melden. Sollten wir nicht am Empfang im Erdgeschoss sein, ruf gerne \u00fcber das Telefon an und der Anruf wird dann automatisch an unser Diensthandy weitergeleitet.<\/p>\n\n\n\n<p><strong>Email<\/strong>: <a href=\"mailto:empfang-wandsbek@azubiwerk-hamburg.net\">empfang-wandsbek@azubiwerk-hamburg.net<\/a><\/p>\n\n\n\n<p><strong>Telefon<\/strong>: 040 \/ 6077 144 70<\/p>\n\n\n\n<h3 class=\"wp-block-heading\">Kurze Grundregeln im \u00dcberblick<\/h3>\n\n\n\n<ul class=\"wp-block-list\">\n<li>Auf dem gesamten Gel\u00e4nde (innen und au\u00dfen) sind <strong>Hartalkohol and Cannabis (sowie illegale Drogen) verboten<\/strong>. Auch wenn du 18 oder \u00e4lter bist.<\/li>\n\n\n\n<li><strong>Partys sind in den Zimmern<\/strong> bzw. Gemeinschaftsfl\u00e4chen <strong>nicht erlaubt<\/strong>.<\/li>\n\n\n\n<li><strong>Besuch muss ab 22:00 Uhr<\/strong> als &#8222;\u00dcbernachtungsbesuch&#8220; <strong>angemeldet werden<\/strong> (auch wenn der Besuch nur eine Stunde bleibt). Dies kannst du <strong>maximal 8 Mal im Monat<\/strong> tun und brauchst daf\u00fcr zuvor die <strong>Erlaubnis deiner Mitbewohner:innen<\/strong>. Dein Besuch darf sich au\u00dferdem <strong>nicht alleine<\/strong> im Geb\u00e4ude aufhalten.<\/li>\n\n\n\n<li><strong>Bitte entsorge deinen M\u00fcll regelm\u00e4\u00dfig und ordentlich<\/strong> in den Tonnen. Sollte dein M\u00fcll nicht durch die Klappen passen oder sollten diese verstopft sein, sprich uns lieber an, damit wir dir helfen k\u00f6nnen, <strong>statt den M\u00fcll einfach neben die Tonnen zu stellen<\/strong>. Das Abstellen neben den Tonnen l\u00f6st immer den Ketteneffekt aus, sodass sich immer mehr M\u00fcll auf dem Hof sammelt.<\/li>\n\n\n\n<li><strong>Ab 22:00 Uhr<\/strong> herrscht im Haus und auch im Au\u00dfenbereich <strong>Nachtruhe<\/strong>. Wenn du nach 22:00 Uhr gerne Zeit mit anderen verbringen m\u00f6chtest, kannst du den <strong>Gemeinschaftsraum nutzen<\/strong>. Bei geschlossenen T\u00fcren und Fenstern wird somit keiner w\u00e4hrend der Nacht gest\u00f6rt.<\/li>\n<\/ul>\n<\/div><\/div>\n\n\n\n<div class=\"wp-block-columns is-layout-flex wp-container-core-columns-is-layout-9d6595d7 wp-block-columns-is-layout-flex\">\n<div class=\"wp-block-column is-layout-flow wp-block-column-is-layout-flow\">\n<div class=\"wp-block-group\"><div class=\"wp-block-group__inner-container is-layout-constrained wp-block-group-is-layout-constrained\">\n<h3 class=\"wp-block-heading\">Azubiwerk <\/h3>\n\n\n\n<div class=\"wp-block-buttons is-layout-flex wp-block-buttons-is-layout-flex\">\n<div class=\"wp-block-button is-style-primary\"><a class=\"wp-block-button__link wp-element-button\" href=\"https:\/\/azubiwerk-hamburg.de\/wp-content\/uploads\/2025\/10\/Hausordnung-Azubiwerk-Wandsbek-vom-01.11.2021-1.pdf\" target=\"_blank\" rel=\"noreferrer noopener\">Hausordnung (DE)<\/a><\/div>\n\n\n\n<div class=\"wp-block-button is-style-primary\"><a class=\"wp-block-button__link wp-element-button\" href=\"https:\/\/azubiwerk-hamburg.de\/wp-content\/uploads\/2025\/10\/Hausordnung_Wandsbek_engl._10_2020_FR.pdf\" target=\"_blank\" rel=\"noreferrer noopener\">Hausordnung (EN)<\/a><\/div>\n<\/div>\n\n\n\n<div class=\"wp-block-buttons is-layout-flex wp-block-buttons-is-layout-flex\">\n<div class=\"wp-block-button is-style-primary\"><a class=\"wp-block-button__link wp-element-button\" href=\"https:\/\/azubiwerk-hamburg.de\/wp-content\/uploads\/2025\/10\/Info-Begruessungsmappe-Wandsbek_20250530mw.pdf\" target=\"_blank\" rel=\"noreferrer noopener\">Allgemeine Infos Azubiwerk Wandsbek (DE)<\/a><\/div>\n\n\n\n<div class=\"wp-block-button is-style-primary\"><a class=\"wp-block-button__link wp-element-button\" href=\"https:\/\/azubiwerk-hamburg.de\/wp-content\/uploads\/2025\/10\/Info-Begruessungsmappe-Wandsbek_20250129-EN.pdf\" target=\"_blank\" rel=\"noreferrer noopener\">Information for residents (EN)<\/a><\/div>\n<\/div>\n\n\n\n<div class=\"wp-block-buttons is-layout-flex wp-block-buttons-is-layout-flex\">\n<div class=\"wp-block-button is-style-primary\"><a class=\"wp-block-button__link wp-element-button\" href=\"https:\/\/azubiwerk-hamburg.de\/es\/fahrrad-wandsbek\/\" target=\"_blank\" rel=\"noreferrer noopener\">Fahrradstellpl\u00e4tze<\/a><\/div>\n<\/div>\n<\/div><\/div>\n<\/div>\n\n\n\n<div class=\"wp-block-column is-layout-flow wp-block-column-is-layout-flow\">\n<div class=\"wp-block-group\"><div class=\"wp-block-group__inner-container is-layout-constrained wp-block-group-is-layout-constrained\">\n<h3 class=\"wp-block-heading\">Leben in einer WG<\/h3>\n\n\n\n<div class=\"wp-block-buttons is-layout-flex wp-block-buttons-is-layout-flex\">\n<div class=\"wp-block-button is-style-primary\"><a class=\"wp-block-button__link wp-element-button\" href=\"https:\/\/azubiwerk-hamburg.de\/wp-content\/uploads\/2025\/10\/Must-have-Reinigungsmittel-deutsch.pdf\" target=\"_blank\" rel=\"noreferrer noopener\">Reinigungsmittel (DE)<\/a><\/div>\n\n\n\n<div class=\"wp-block-button is-style-primary\"><a class=\"wp-block-button__link wp-element-button\" href=\"https:\/\/azubiwerk-hamburg.de\/wp-content\/uploads\/2025\/10\/Must-have-Reinigungsmittel-englisch.pdf\" target=\"_blank\" rel=\"noreferrer noopener\">Cleaning supplies (EN)<\/a><\/div>\n<\/div>\n\n\n\n<div class=\"wp-block-buttons is-layout-flex wp-block-buttons-is-layout-flex\">\n<div class=\"wp-block-button is-style-primary\"><a class=\"wp-block-button__link wp-element-button\" href=\"https:\/\/azubiwerk-hamburg.de\/wp-content\/uploads\/2025\/10\/Checkliste-Putzroutine-deutsch.pdf\" target=\"_blank\" rel=\"noreferrer noopener\">Checkliste Reinigungsroutine (DE)<\/a><\/div>\n\n\n\n<div class=\"wp-block-button is-style-primary\"><a class=\"wp-block-button__link wp-element-button\" href=\"https:\/\/azubiwerk-hamburg.de\/wp-content\/uploads\/2025\/10\/Checkliste-cleaning-routine-english.pdf\" target=\"_blank\" rel=\"noreferrer noopener\">Cleaning routine (EN)<\/a><\/div>\n<\/div>\n\n\n\n<div class=\"wp-block-buttons is-layout-flex wp-block-buttons-is-layout-flex\">\n<div class=\"wp-block-button is-style-primary\"><a class=\"wp-block-button__link wp-element-button\" href=\"https:\/\/azubiwerk-hamburg.de\/wp-content\/uploads\/2025\/10\/Umgebung-Einkaufsmoeglichkeiten-fina-WB20240801.pdf\" target=\"_blank\" rel=\"noreferrer noopener\">Einkaufsm\u00f6glichkeiten in der Umgebung<\/a><\/div>\n<\/div>\n\n\n\n<div class=\"wp-block-buttons is-layout-flex wp-block-buttons-is-layout-flex\">\n<div class=\"wp-block-button is-style-primary\"><a class=\"wp-block-button__link wp-element-button\" href=\"https:\/\/azubiwerk-hamburg.de\/wp-content\/uploads\/2025\/10\/Merkblatt-BAB.pdf\" target=\"_blank\" rel=\"noreferrer noopener\">Info BAB<\/a><\/div>\n<\/div>\n<\/div><\/div>\n<\/div>\n<\/div>\n<\/div><\/div>\n\n\n\n<p><\/p>","protected":false},"excerpt":{"rendered":"<p>Wichtige Infos Kontakt Wir sind in Wandsbek 24\/7, 365 Tage im Jahr, erreichbar. Wenn du ein Anliegen oder z.B. Beschwerden wegen L\u00e4rmbel\u00e4stigung hast, kannst du dich jederzeit (auch zu jeder Stunde der Nacht) bei uns melden. Sollten wir nicht am Empfang im Erdgeschoss sein, ruf gerne \u00fcber das Telefon an und der Anruf wird dann&hellip;&nbsp;<a href=\"https:\/\/azubiwerk-hamburg.de\/es\/wichtige-infos-wandsbek\/\" rel=\"bookmark\">M\u00c1S<span class=\"screen-reader-text\">Wichtige Infos Wandsbek<\/span><\/a><\/p>","protected":false},"author":4,"featured_media":0,"parent":0,"menu_order":0,"comment_status":"closed","ping_status":"closed","template":"","meta":{"neve_meta_sidebar":"","neve_meta_container":"","neve_meta_enable_content_width":"","neve_meta_content_width":0,"neve_meta_title_alignment":"","neve_meta_author_avatar":"","neve_post_elements_order":"","neve_meta_disable_header":"","neve_meta_disable_footer":"","neve_meta_disable_title":"","neve_meta_reading_time":"","footnotes":""},"class_list":["post-2548","page","type-page","status-publish","hentry"],"_links":{"self":[{"href":"https:\/\/azubiwerk-hamburg.de\/es\/wp-json\/wp\/v2\/pages\/2548","targetHints":{"allow":["GET"]}}],"collection":[{"href":"https:\/\/azubiwerk-hamburg.de\/es\/wp-json\/wp\/v2\/pages"}],"about":[{"href":"https:\/\/azubiwerk-hamburg.de\/es\/wp-json\/wp\/v2\/types\/page"}],"author":[{"embeddable":true,"href":"https:\/\/azubiwerk-hamburg.de\/es\/wp-json\/wp\/v2\/users\/4"}],"replies":[{"embeddable":true,"href":"https:\/\/azubiwerk-hamburg.de\/es\/wp-json\/wp\/v2\/comments?post=2548"}],"version-history":[{"count":32,"href":"https:\/\/azubiwerk-hamburg.de\/es\/wp-json\/wp\/v2\/pages\/2548\/revisions"}],"predecessor-version":[{"id":2590,"href":"https:\/\/azubiwerk-hamburg.de\/es\/wp-json\/wp\/v2\/pages\/2548\/revisions\/2590"}],"wp:attachment":[{"href":"https:\/\/azubiwerk-hamburg.de\/es\/wp-json\/wp\/v2\/media?parent=2548"}],"curies":[{"name":"wp","href":"https:\/\/api.w.org\/{rel}","templated":true}]}}