{"id":13,"date":"2023-11-20T16:12:50","date_gmt":"2023-11-20T15:12:50","guid":{"rendered":"https:\/\/azubiwerk.de\/?page_id=13"},"modified":"2026-04-13T11:54:33","modified_gmt":"2026-04-13T09:54:33","slug":"wandsbek","status":"publish","type":"page","link":"https:\/\/azubiwerk-hamburg.de\/en\/standorte\/wandsbek\/","title":{"rendered":"Wandsbek"},"content":{"rendered":"<div class=\"wp-block-group background-gradient1 has-neve-link-color-background-color has-background\"><div class=\"wp-block-group__inner-container is-layout-constrained wp-block-group-is-layout-constrained\">\n<div class=\"wp-block-media-text has-media-on-the-right is-stacked-on-mobile is-image-fill-element has-nv-text-dark-bg-color has-text-color has-link-color has-medium-font-size wp-elements-79875ec1ec3159590d8e523e565f9da9\"><div class=\"wp-block-media-text__content\">\n<p><\/p>\n\n\n\n<h2 class=\"wp-block-heading\">LIVING IN WANDSBEK<\/h2>\n\n\n\n<p class=\"has-nv-text-dark-bg-color has-text-color has-link-color wp-elements-9072b0bb9d035b884a87c4d6aa26537b\"><em>Hammer Str. 8, 22041 Hamburg<\/em><\/p>\n\n\n\n<p class=\"has-text-align-left has-nv-text-dark-bg-color has-text-color has-link-color wp-elements-96d8c20e39c5ee13a96dc5489d1bf435\">Living in small shared flats and the many communal areas and activities make our building more than just a collection of flats - it is a real home with a strong social environment, not on the outskirts of the metropolis, but conveniently located in the centre of the city.<\/p>\n<\/div><figure class=\"wp-block-media-text__media\"><img loading=\"lazy\" decoding=\"async\" width=\"1024\" height=\"768\" src=\"https:\/\/azubiwerk-hamburg.de\/wp-content\/uploads\/2023\/12\/IMG_20181107_130949-1024x768.jpg\" alt=\"\" class=\"wp-image-1187 size-full\" style=\"object-position:50% 64%\" srcset=\"https:\/\/azubiwerk-hamburg.de\/wp-content\/uploads\/2023\/12\/IMG_20181107_130949-1024x768.jpg 1024w, https:\/\/azubiwerk-hamburg.de\/wp-content\/uploads\/2023\/12\/IMG_20181107_130949-300x225.jpg 300w, https:\/\/azubiwerk-hamburg.de\/wp-content\/uploads\/2023\/12\/IMG_20181107_130949-768x576.jpg 768w, https:\/\/azubiwerk-hamburg.de\/wp-content\/uploads\/2023\/12\/IMG_20181107_130949-1536x1152.jpg 1536w, https:\/\/azubiwerk-hamburg.de\/wp-content\/uploads\/2023\/12\/IMG_20181107_130949-2048x1536.jpg 2048w, https:\/\/azubiwerk-hamburg.de\/wp-content\/uploads\/2023\/12\/IMG_20181107_130949-16x12.jpg 16w\" sizes=\"auto, (max-width: 1024px) 100vw, 1024px\" \/><\/figure><\/div>\n\n\n\n<figure class=\"wp-block-gallery has-nested-images columns-4 is-cropped wp-block-gallery-1 is-layout-flex wp-block-gallery-is-layout-flex\">\n<figure class=\"wp-block-image size-full is-style-default\"><img loading=\"lazy\" decoding=\"async\" width=\"2560\" height=\"1443\" data-id=\"48\" src=\"https:\/\/azubiwerk-hamburg.de\/wp-content\/uploads\/2023\/11\/Zimmer3.554-1-scaled.jpg\" alt=\"\" class=\"wp-image-48\" srcset=\"https:\/\/azubiwerk-hamburg.de\/wp-content\/uploads\/2023\/11\/Zimmer3.554-1-scaled.jpg 2560w, https:\/\/azubiwerk-hamburg.de\/wp-content\/uploads\/2023\/11\/Zimmer3.554-1-300x169.jpg 300w, https:\/\/azubiwerk-hamburg.de\/wp-content\/uploads\/2023\/11\/Zimmer3.554-1-1024x577.jpg 1024w, https:\/\/azubiwerk-hamburg.de\/wp-content\/uploads\/2023\/11\/Zimmer3.554-1-768x433.jpg 768w, https:\/\/azubiwerk-hamburg.de\/wp-content\/uploads\/2023\/11\/Zimmer3.554-1-1536x866.jpg 1536w, https:\/\/azubiwerk-hamburg.de\/wp-content\/uploads\/2023\/11\/Zimmer3.554-1-2048x1154.jpg 2048w\" sizes=\"auto, (max-width: 2560px) 100vw, 2560px\" \/><\/figure>\n\n\n\n<figure class=\"wp-block-image size-full\"><img loading=\"lazy\" decoding=\"async\" width=\"2560\" height=\"1443\" data-id=\"47\" src=\"https:\/\/azubiwerk-hamburg.de\/wp-content\/uploads\/2023\/11\/Zimmer1.312-scaled.jpg\" alt=\"\" class=\"wp-image-47\" srcset=\"https:\/\/azubiwerk-hamburg.de\/wp-content\/uploads\/2023\/11\/Zimmer1.312-scaled.jpg 2560w, https:\/\/azubiwerk-hamburg.de\/wp-content\/uploads\/2023\/11\/Zimmer1.312-300x169.jpg 300w, https:\/\/azubiwerk-hamburg.de\/wp-content\/uploads\/2023\/11\/Zimmer1.312-1024x577.jpg 1024w, https:\/\/azubiwerk-hamburg.de\/wp-content\/uploads\/2023\/11\/Zimmer1.312-768x433.jpg 768w, https:\/\/azubiwerk-hamburg.de\/wp-content\/uploads\/2023\/11\/Zimmer1.312-1536x866.jpg 1536w, https:\/\/azubiwerk-hamburg.de\/wp-content\/uploads\/2023\/11\/Zimmer1.312-2048x1154.jpg 2048w\" sizes=\"auto, (max-width: 2560px) 100vw, 2560px\" \/><\/figure>\n\n\n\n<figure class=\"wp-block-image size-full\"><img loading=\"lazy\" decoding=\"async\" width=\"2560\" height=\"1443\" data-id=\"46\" src=\"https:\/\/azubiwerk-hamburg.de\/wp-content\/uploads\/2023\/11\/Zimmer2.28-scaled.jpg\" alt=\"\" class=\"wp-image-46\" srcset=\"https:\/\/azubiwerk-hamburg.de\/wp-content\/uploads\/2023\/11\/Zimmer2.28-scaled.jpg 2560w, https:\/\/azubiwerk-hamburg.de\/wp-content\/uploads\/2023\/11\/Zimmer2.28-300x169.jpg 300w, https:\/\/azubiwerk-hamburg.de\/wp-content\/uploads\/2023\/11\/Zimmer2.28-1024x577.jpg 1024w, https:\/\/azubiwerk-hamburg.de\/wp-content\/uploads\/2023\/11\/Zimmer2.28-768x433.jpg 768w, https:\/\/azubiwerk-hamburg.de\/wp-content\/uploads\/2023\/11\/Zimmer2.28-1536x866.jpg 1536w, https:\/\/azubiwerk-hamburg.de\/wp-content\/uploads\/2023\/11\/Zimmer2.28-2048x1154.jpg 2048w\" sizes=\"auto, (max-width: 2560px) 100vw, 2560px\" \/><\/figure>\n\n\n\n<figure class=\"wp-block-image size-full\"><img loading=\"lazy\" decoding=\"async\" width=\"1600\" height=\"1160\" data-id=\"44\" src=\"https:\/\/azubiwerk-hamburg.de\/wp-content\/uploads\/2023\/11\/Kueche20160217rgb.jpg\" alt=\"\" class=\"wp-image-44\" srcset=\"https:\/\/azubiwerk-hamburg.de\/wp-content\/uploads\/2023\/11\/Kueche20160217rgb.jpg 1600w, https:\/\/azubiwerk-hamburg.de\/wp-content\/uploads\/2023\/11\/Kueche20160217rgb-300x218.jpg 300w, https:\/\/azubiwerk-hamburg.de\/wp-content\/uploads\/2023\/11\/Kueche20160217rgb-1024x742.jpg 1024w, https:\/\/azubiwerk-hamburg.de\/wp-content\/uploads\/2023\/11\/Kueche20160217rgb-768x557.jpg 768w, https:\/\/azubiwerk-hamburg.de\/wp-content\/uploads\/2023\/11\/Kueche20160217rgb-1536x1114.jpg 1536w\" sizes=\"auto, (max-width: 1600px) 100vw, 1600px\" \/><\/figure>\n<\/figure>\n<\/div><\/div>\n\n\n\n<div class=\"wp-block-group\"><div class=\"wp-block-group__inner-container is-layout-flow wp-block-group-is-layout-flow\">\n<div class=\"wp-block-media-text has-media-on-the-right is-stacked-on-mobile has-background\" style=\"background-color:#cfdfec;grid-template-columns:auto 35%\"><div class=\"wp-block-media-text__content\">\n<h2 class=\"wp-block-heading has-neve-link-color-color has-text-color has-link-color wp-elements-0c1f6e5ab6ad61c4b24f7de019733767\">WHAT'S SPECIAL<\/h2>\n\n\n\n<p class=\"has-neve-link-color-color has-text-color has-link-color has-medium-font-size wp-elements-966034dba613b04a8cbc04c666e70676\">Unter der Pr\u00e4misse \u201eBegleiten statt Betreuen\u201c werden die Auszubildenden dabei unterst\u00fctzt, eigenst\u00e4ndig und selbstverantwortlich die ersten Schritte au\u00dferhalb des Elternhauses zu bestreiten. Das p\u00e4dagogische Team des Azubiwerks bietet hierf\u00fcr vielf\u00e4ltige Aktivit\u00e4ten und Beratungsangebote vor Ort an. Die Azubis gestalten ihr Lebensumfeld aktiv mit, indem sie u.a. regelm\u00e4\u00dfig ihren Wohnhausrat w\u00e4hlen, der \u00fcber ein eigenes Budget verf\u00fcgen kann.\u00a0<\/p>\n\n\n\n<p class=\"has-neve-link-color-color has-text-color has-link-color has-medium-font-size wp-elements-5c2f1878121d9f8f968ba38bd0733ce0\">Because both adult and underage trainees live in Wandsbek, our educational team is on site around the clock, 365 days a year. We offer advice, help or simply have a sympathetic ear. The communal rooms offer space for a variety of ideas: from cooking together to gardening on our roof terrace.<\/p>\n<\/div><figure class=\"wp-block-media-text__media\"><img loading=\"lazy\" decoding=\"async\" width=\"1024\" height=\"768\" src=\"https:\/\/azubiwerk-hamburg.de\/wp-content\/uploads\/2023\/11\/Pressebild_Dachterrasse-1024x768.jpg\" alt=\"\" class=\"wp-image-102 size-full\" srcset=\"https:\/\/azubiwerk-hamburg.de\/wp-content\/uploads\/2023\/11\/Pressebild_Dachterrasse-1024x768.jpg 1024w, https:\/\/azubiwerk-hamburg.de\/wp-content\/uploads\/2023\/11\/Pressebild_Dachterrasse-300x225.jpg 300w, https:\/\/azubiwerk-hamburg.de\/wp-content\/uploads\/2023\/11\/Pressebild_Dachterrasse-768x576.jpg 768w, https:\/\/azubiwerk-hamburg.de\/wp-content\/uploads\/2023\/11\/Pressebild_Dachterrasse-1536x1152.jpg 1536w, https:\/\/azubiwerk-hamburg.de\/wp-content\/uploads\/2023\/11\/Pressebild_Dachterrasse-2048x1536.jpg 2048w\" sizes=\"auto, (max-width: 1024px) 100vw, 1024px\" \/><\/figure><\/div>\n<\/div><\/div>\n\n\n\n<style>\n    body {\n        margin: 0;\n        font-family: 'Montserrat';\n    }\n\n    #overlay {\n        display: flex;\n        position: absolute;\n        top: 0;\n        left: 0;\n        width: 100%;\n        height: 100%;\n        background: rgba(0, 29, 63, 0.6);\n        color: #fff;\n        justify-content: center;\n        align-items: center;\n        text-align: center;\n        z-index: 1000;\n        cursor: pointer;\n        font-family: 'Montserrat';\n    }\n\n    #myFrame {\n        position: absolute;\n        top: 0;\n        left: 0;\n        width: 100%;\n        height: 700px;\n        border: none;\n    }\n\n    #container {\n        position: relative;\n        width: 100%;\n        height: 700px;\n    }\n\n    .rundgang {\n        font-size: 36pt;\n        font-family: 'Montserrat';\n        line-height: normal;\n    }\n<\/style>\n\n<body>\n    <div id=\"container\">\n        <div id=\"overlay\" class=\"rundgang\" onclick=\"loadFrame()\">START 3D TOUR?<\/div>\n        <iframe id=\"myFrame\" src=\"https:\/\/azubiwerk.net\/wp-content\/rundgaenge\/wandsbek\/index.htm\"><\/iframe>\n    <\/div>\n\n    <script>\n        function loadFrame() {\n            document.getElementById('overlay').style.display = 'none';\n            document.getElementById('myFrame').style.display = 'block';\n        }\n\n        document.addEventListener('DOMContentLoaded', function () {\n            document.getElementById('overlay').style.display = 'flex';\n        });\n    <\/script>\n<\/body>\n\n\n\n<div class=\"wp-block-group\"><div class=\"wp-block-group__inner-container is-layout-flow wp-block-group-is-layout-flow\">\n<div class=\"wp-block-media-text has-media-on-the-right is-stacked-on-mobile has-background\" style=\"background-color:#cfdfec;grid-template-columns:auto 35%\"><div class=\"wp-block-media-text__content\">\n<h2 class=\"wp-block-heading has-neve-link-color-color has-text-color has-link-color wp-elements-637f7d0a121bf8ff1c982311bbc346da\">OFFERS IN WANDSBEK<\/h2>\n\n\n\n<p class=\"has-neve-link-color-color has-text-color has-link-color has-medium-font-size wp-elements-362c1eb103be8d3e9765d44e064dd62c\">The Azubiwerk offers more than just affordable accommodation for trainees: Under the premise of \"accompanying instead of supervising\", our educational team supports the trainees on their way to an independent life. This gives them more time to concentrate on their training. The educational programmes in the house also offer the opportunity to quickly make new contacts and friendships.<br><br>Our pedagogical team is on site at the Azubiwerk Wandsbek 7 days a week, 24 hours a day.<br>We offer our trainees the following programmes (selection):<\/p>\n\n\n<div class=\"oxi-addons-container   oxi-addons-flipbox-template-style4\">        <div class=\"oxilab-flip-box-wrapper\">\n                                <div class=\"oxilab-flip-box-col-3 oxilab-flip-box-padding-2\"\n                        sa-data-animation=\"\"\n                        sa-data-animation-offset=\"100%\"\r\n                        sa-data-animation-delay=\"0ms\"\r\n                        sa-data-animation-duration=\" 30000ms\"\n                        >\r\n                        <div class=\"oxilab-flip-box-body-2 oxilab-flip-box-body-2-7\">\n                                                        <div class=\"oxilab-flip-box-body-absulote\">\n                                <div class=\"oxilab-flip-box-flip oxilab-flip-box-flip-left-to-right\">\n                                    <div class=\"oxilab-flip-box-style-data easing_easeInOutCirc\">\n                                        <div class=\"oxilab-flip-box-style\">\n                                            <div class=\"oxilab-flip-box-front\">\n                                                <div class=\"oxilab-flip-box-2\">\n                                                    <div class=\"oxilab-flip-box-2-data\">\n                                                        <div class=\"oxilab-icon\">\n                                                            <div class=\"oxilab-icon-data\">\n                                                                        <i class=\"oxi-icons\"><\/i>\n                                                                    <\/div>\n                                                        <\/div>\n                                                        <div class=\"oxilab-heading\">\n                                                            CONSULTING                                                        <\/div>\n                                                        <div class=\"oxilab-info\">\n                                                                                                                    <\/div>\n\n                                                    <\/div>\n                                                <\/div>\n                                            <\/div>\n                                            <div class=\"oxilab-flip-box-back\">\n                                                <div class=\"oxilab-flip-box-back-2\">\n                                                    <div class=\"oxilab-flip-box-back-2-data\">\n                                                        <div class=\"oxilab-heading\">\n                                                                                                                    <\/div>\n                                                        <div class=\"oxilab-info\">\n                                                            <ul><li>Applying for vocational training allowance (BAB), housing benefit or BAf\u00f6G<\/li> <li>Challenges in operation<\/li> <li>Personal problems<\/li>                                                        <\/div>\n                                                                                                            <\/div>\n                                                <\/div>\n                                            <\/div>\n                                        <\/div>\n                                    <\/div>\n                                <\/div>\n                            <\/div>\n                            \n                        <\/div>\n\n\n                                                \n                    <\/div>\n                                        <div class=\"oxilab-flip-box-col-3 oxilab-flip-box-padding-2\"\n                        sa-data-animation=\"\"\n                        sa-data-animation-offset=\"100%\"\r\n                        sa-data-animation-delay=\"0ms\"\r\n                        sa-data-animation-duration=\" 30000ms\"\n                        >\r\n                        <div class=\"oxilab-flip-box-body-2 oxilab-flip-box-body-2-8\">\n                                                        <div class=\"oxilab-flip-box-body-absulote\">\n                                <div class=\"oxilab-flip-box-flip oxilab-flip-box-flip-left-to-right\">\n                                    <div class=\"oxilab-flip-box-style-data easing_easeInOutCirc\">\n                                        <div class=\"oxilab-flip-box-style\">\n                                            <div class=\"oxilab-flip-box-front\">\n                                                <div class=\"oxilab-flip-box-2\">\n                                                    <div class=\"oxilab-flip-box-2-data\">\n                                                        <div class=\"oxilab-icon\">\n                                                            <div class=\"oxilab-icon-data\">\n                                                                        <i class=\"oxi-icons\"><\/i>\n                                                                    <\/div>\n                                                        <\/div>\n                                                        <div class=\"oxilab-heading\">\n                                                            LEISURE                                                        <\/div>\n                                                        <div class=\"oxilab-info\">\n                                                                                                                    <\/div>\n\n                                                    <\/div>\n                                                <\/div>\n                                            <\/div>\n                                            <div class=\"oxilab-flip-box-back\">\n                                                <div class=\"oxilab-flip-box-back-2\">\n                                                    <div class=\"oxilab-flip-box-back-2-data\">\n                                                        <div class=\"oxilab-heading\">\n                                                                                                                    <\/div>\n                                                        <div class=\"oxilab-info\">\n                                                            <ul><li> Kochabende und Sportangebote<\/li> <li>Photo, garden and handicraft club<\/li> <li>Film and games evenings<\/li> <li>Celebrations<\/li>                                                        <\/div>\n                                                                                                            <\/div>\n                                                <\/div>\n                                            <\/div>\n                                        <\/div>\n                                    <\/div>\n                                <\/div>\n                            <\/div>\n                            \n                        <\/div>\n\n\n                                                \n                    <\/div>\n                                        <div class=\"oxilab-flip-box-col-3 oxilab-flip-box-padding-2\"\n                        sa-data-animation=\"\"\n                        sa-data-animation-offset=\"100%\"\r\n                        sa-data-animation-delay=\"0ms\"\r\n                        sa-data-animation-duration=\" 30000ms\"\n                        >\r\n                        <div class=\"oxilab-flip-box-body-2 oxilab-flip-box-body-2-9\">\n                                                        <div class=\"oxilab-flip-box-body-absulote\">\n                                <div class=\"oxilab-flip-box-flip oxilab-flip-box-flip-left-to-right\">\n                                    <div class=\"oxilab-flip-box-style-data easing_easeInOutCirc\">\n                                        <div class=\"oxilab-flip-box-style\">\n                                            <div class=\"oxilab-flip-box-front\">\n                                                <div class=\"oxilab-flip-box-2\">\n                                                    <div class=\"oxilab-flip-box-2-data\">\n                                                        <div class=\"oxilab-icon\">\n                                                            <div class=\"oxilab-icon-data\">\n                                                                        <i class=\"oxi-icons\"><\/i>\n                                                                    <\/div>\n                                                        <\/div>\n                                                        <div class=\"oxilab-heading\">\n                                                            EDUCATION                                                        <\/div>\n                                                        <div class=\"oxilab-info\">\n                                                                                                                    <\/div>\n\n                                                    <\/div>\n                                                <\/div>\n                                            <\/div>\n                                            <div class=\"oxilab-flip-box-back\">\n                                                <div class=\"oxilab-flip-box-back-2\">\n                                                    <div class=\"oxilab-flip-box-back-2-data\">\n                                                        <div class=\"oxilab-heading\">\n                                                                                                                    <\/div>\n                                                        <div class=\"oxilab-info\">\n                                                            <ul> <li>Budget management and financial discipline<\/li> <li>Self-organisation and learning aids<\/li> <li>Art and culture on site<\/li>                                                        <\/div>\n                                                                                                            <\/div>\n                                                <\/div>\n                                            <\/div>\n                                        <\/div>\n                                    <\/div>\n                                <\/div>\n                            <\/div>\n                            \n                        <\/div>\n\n\n                                                \n                    <\/div>\n                            <\/div>\n        <\/div>\n<\/div><figure class=\"wp-block-media-text__media\"><img loading=\"lazy\" decoding=\"async\" width=\"988\" height=\"988\" src=\"https:\/\/azubiwerk-hamburg.de\/wp-content\/uploads\/2024\/02\/wandsbek_angebote.jpg\" alt=\"\" class=\"wp-image-1859 size-full\" srcset=\"https:\/\/azubiwerk-hamburg.de\/wp-content\/uploads\/2024\/02\/wandsbek_angebote.jpg 988w, https:\/\/azubiwerk-hamburg.de\/wp-content\/uploads\/2024\/02\/wandsbek_angebote-300x300.jpg 300w, https:\/\/azubiwerk-hamburg.de\/wp-content\/uploads\/2024\/02\/wandsbek_angebote-150x150.jpg 150w, https:\/\/azubiwerk-hamburg.de\/wp-content\/uploads\/2024\/02\/wandsbek_angebote-768x768.jpg 768w, https:\/\/azubiwerk-hamburg.de\/wp-content\/uploads\/2024\/02\/wandsbek_angebote-12x12.jpg 12w\" sizes=\"auto, (max-width: 988px) 100vw, 988px\" \/><\/figure><\/div>\n<\/div><\/div>\n\n\n\n<div class=\"wp-block-media-text is-stacked-on-mobile background-gradient1 has-nv-text-dark-bg-color has-neve-link-color-background-color has-text-color has-background has-link-color wp-elements-5abc7a120b7779357477eaa4d76f275b\" style=\"grid-template-columns:31% auto\"><figure class=\"wp-block-media-text__media\"><img loading=\"lazy\" decoding=\"async\" width=\"600\" height=\"600\" src=\"https:\/\/azubiwerk-hamburg.de\/wp-content\/uploads\/2024\/02\/wandsbek.jpg\" alt=\"\" class=\"wp-image-1767 size-full\" srcset=\"https:\/\/azubiwerk-hamburg.de\/wp-content\/uploads\/2024\/02\/wandsbek.jpg 600w, https:\/\/azubiwerk-hamburg.de\/wp-content\/uploads\/2024\/02\/wandsbek-300x300.jpg 300w, https:\/\/azubiwerk-hamburg.de\/wp-content\/uploads\/2024\/02\/wandsbek-150x150.jpg 150w, https:\/\/azubiwerk-hamburg.de\/wp-content\/uploads\/2024\/02\/wandsbek-12x12.jpg 12w\" sizes=\"auto, (max-width: 600px) 100vw, 600px\" \/><\/figure><div class=\"wp-block-media-text__content\">\n<p class=\"has-nv-text-dark-bg-color has-text-color has-link-color has-medium-font-size wp-elements-dc7e3bc3f7abe537ab3010055fd99f01\"><br>The Azubiwerk Wandsbek is conveniently located at Hammer Str. 8 (22041 Hamburg).<br><br>The underground lines U1, S1 and S11 can be reached on foot in 2 minutes.<br><br><strong>Reception team&nbsp;<\/strong><br><strong>(For general enquiries)<\/strong><br>Phone: 040 6077144-70<br>EMail:&nbsp;<a href=\"mailto:empfang-wandsbek@azubiwerk-hamburg.net\">empfang-wandsbek@azubiwerk-hamburg.net<\/a><\/p>\n<\/div><\/div>","protected":false},"excerpt":{"rendered":"<p>LEBEN IN WANDSBEK Hammer Str. 8, 22041 Hamburg Das Wohnen in kleinen WGs und die vielen Gemeinschaftsfl\u00e4chen und -aktivit\u00e4ten machen unser Haus zu mehr als einer Sammlung von Wohnungen \u2013 es ist ein echtes Zuhause mit einem starken sozialen Umfeld und das nicht am Rande der Metropole, sondern verkehrsg\u00fcnstig mitten in der Stadt gelegen. DAS&hellip;&nbsp;<a href=\"https:\/\/azubiwerk-hamburg.de\/en\/standorte\/wandsbek\/\" rel=\"bookmark\">MORE<span class=\"screen-reader-text\">Wandsbek<\/span><\/a><\/p>","protected":false},"author":4,"featured_media":0,"parent":11,"menu_order":0,"comment_status":"closed","ping_status":"closed","template":"","meta":{"neve_meta_sidebar":"","neve_meta_container":"","neve_meta_enable_content_width":"on","neve_meta_content_width":100,"neve_meta_title_alignment":"","neve_meta_author_avatar":"","neve_post_elements_order":"","neve_meta_disable_header":"","neve_meta_disable_footer":"","neve_meta_disable_title":"on","neve_meta_reading_time":"","footnotes":""},"class_list":["post-13","page","type-page","status-publish","hentry"],"_links":{"self":[{"href":"https:\/\/azubiwerk-hamburg.de\/en\/wp-json\/wp\/v2\/pages\/13","targetHints":{"allow":["GET"]}}],"collection":[{"href":"https:\/\/azubiwerk-hamburg.de\/en\/wp-json\/wp\/v2\/pages"}],"about":[{"href":"https:\/\/azubiwerk-hamburg.de\/en\/wp-json\/wp\/v2\/types\/page"}],"author":[{"embeddable":true,"href":"https:\/\/azubiwerk-hamburg.de\/en\/wp-json\/wp\/v2\/users\/4"}],"replies":[{"embeddable":true,"href":"https:\/\/azubiwerk-hamburg.de\/en\/wp-json\/wp\/v2\/comments?post=13"}],"version-history":[{"count":150,"href":"https:\/\/azubiwerk-hamburg.de\/en\/wp-json\/wp\/v2\/pages\/13\/revisions"}],"predecessor-version":[{"id":2745,"href":"https:\/\/azubiwerk-hamburg.de\/en\/wp-json\/wp\/v2\/pages\/13\/revisions\/2745"}],"up":[{"embeddable":true,"href":"https:\/\/azubiwerk-hamburg.de\/en\/wp-json\/wp\/v2\/pages\/11"}],"wp:attachment":[{"href":"https:\/\/azubiwerk-hamburg.de\/en\/wp-json\/wp\/v2\/media?parent=13"}],"curies":[{"name":"wp","href":"https:\/\/api.w.org\/{rel}","templated":true}]}}