{"id":1051,"date":"2023-12-20T17:02:40","date_gmt":"2023-12-20T16:02:40","guid":{"rendered":"https:\/\/azubiwerk.de\/?page_id=1051"},"modified":"2026-03-24T09:21:00","modified_gmt":"2026-03-24T08:21:00","slug":"karriere","status":"publish","type":"page","link":"https:\/\/azubiwerk-hamburg.de\/en\/karriere\/","title":{"rendered":"Career"},"content":{"rendered":"<div class=\"wp-block-columns is-layout-flex wp-container-core-columns-is-layout-9d6595d7 wp-block-columns-is-layout-flex\">\n<div class=\"wp-block-column is-layout-flow wp-block-column-is-layout-flow\" style=\"flex-basis:66.66%\">\n<p>Our team is highly motivated and fully supports the foundation's goal of creating affordable housing for trainees in Hamburg and enabling trainees to make a successful start to their careers. If you are looking for a new challenge, we would be delighted to have you join our team.<\/p>\n<\/div>\n\n\n\n<div class=\"wp-block-column is-layout-flow wp-block-column-is-layout-flow\" style=\"flex-basis:33.33%\"><\/div>\n<\/div>\n\n\n\n<div class=\"wp-block-group\"><div class=\"wp-block-group__inner-container is-layout-constrained wp-block-group-is-layout-constrained\">\n<h2 class=\"wp-block-heading\" id=\"stellenausschreibungen\">JOB ADVERTISEMENTS<\/h2>\n<\/div><\/div>\n\n\n\n<div class=\"wp-block-buttons is-layout-flex wp-block-buttons-is-layout-flex\">\n<div class=\"wp-block-button is-style-primary\"><a class=\"wp-block-button__link wp-element-button\" href=\"https:\/\/azubiwerk-hamburg.de\/en\/stellenbewerbung\/\" target=\"_blank\" rel=\"noreferrer noopener\">SUBMIT APPLICATION<\/a><\/div>\n<\/div>\n\n\n\n<p><strong>Verwaltungs- und Kaufm\u00e4nnische Leitung (m\/w\/d) in Vollzeit<\/strong>: <a href=\"https:\/\/azubiwerk-hamburg.de\/wp-content\/uploads\/2026\/03\/Ausschreibung-Azubiwerk-Verwaltungs-und-Kaufmaennische-Leitung-1-1.pdf\" data-type=\"link\" data-id=\"https:\/\/azubiwerk-hamburg.de\/wp-content\/uploads\/2026\/03\/Ausschreibung-Azubiwerk-Verwaltungs-und-Kaufmaennische-Leitung-1-1.pdf\">http:\/\/azubiwerk-hamburg.de\/job-leitung<\/a><\/p>\n\n\n\n<p><\/p>","protected":false},"excerpt":{"rendered":"<p>Unser Team ist hochmotiviert und steht voll hinter dem Stiftungsziel, g\u00fcnstigen Wohnraum f\u00fcr Azubis in Hamburg zu schaffen und Auszubildenden einen erfolgreichen Start in das Berufsleben zu erm\u00f6glichen. Wenn Sie auf der Suche nach einer neuen Herausforderung sind, freuen wir uns, wenn Sie unser Team kompetent verst\u00e4rken. STELLENAUSSCHREIBUNGEN Verwaltungs- und Kaufm\u00e4nnische Leitung (m\/w\/d) in Vollzeit:&hellip;&nbsp;<a href=\"https:\/\/azubiwerk-hamburg.de\/en\/karriere\/\" rel=\"bookmark\">MORE<span class=\"screen-reader-text\">Career<\/span><\/a><\/p>","protected":false},"author":4,"featured_media":0,"parent":0,"menu_order":0,"comment_status":"closed","ping_status":"closed","template":"","meta":{"neve_meta_sidebar":"","neve_meta_container":"","neve_meta_enable_content_width":"","neve_meta_content_width":0,"neve_meta_title_alignment":"","neve_meta_author_avatar":"","neve_post_elements_order":"","neve_meta_disable_header":"","neve_meta_disable_footer":"","neve_meta_disable_title":"","neve_meta_reading_time":"","footnotes":""},"class_list":["post-1051","page","type-page","status-publish","hentry"],"_links":{"self":[{"href":"https:\/\/azubiwerk-hamburg.de\/en\/wp-json\/wp\/v2\/pages\/1051","targetHints":{"allow":["GET"]}}],"collection":[{"href":"https:\/\/azubiwerk-hamburg.de\/en\/wp-json\/wp\/v2\/pages"}],"about":[{"href":"https:\/\/azubiwerk-hamburg.de\/en\/wp-json\/wp\/v2\/types\/page"}],"author":[{"embeddable":true,"href":"https:\/\/azubiwerk-hamburg.de\/en\/wp-json\/wp\/v2\/users\/4"}],"replies":[{"embeddable":true,"href":"https:\/\/azubiwerk-hamburg.de\/en\/wp-json\/wp\/v2\/comments?post=1051"}],"version-history":[{"count":59,"href":"https:\/\/azubiwerk-hamburg.de\/en\/wp-json\/wp\/v2\/pages\/1051\/revisions"}],"predecessor-version":[{"id":2721,"href":"https:\/\/azubiwerk-hamburg.de\/en\/wp-json\/wp\/v2\/pages\/1051\/revisions\/2721"}],"wp:attachment":[{"href":"https:\/\/azubiwerk-hamburg.de\/en\/wp-json\/wp\/v2\/media?parent=1051"}],"curies":[{"name":"wp","href":"https:\/\/api.w.org\/{rel}","templated":true}]}}