{"id":1051,"date":"2023-12-20T17:02:40","date_gmt":"2023-12-20T16:02:40","guid":{"rendered":"https:\/\/azubiwerk.de\/?page_id=1051"},"modified":"2026-04-13T10:54:00","modified_gmt":"2026-04-13T08:54:00","slug":"karriere","status":"publish","type":"page","link":"https:\/\/azubiwerk-hamburg.de\/cn\/karriere\/","title":{"rendered":"\u804c\u4e1a\u751f\u6daf"},"content":{"rendered":"<div class=\"wp-block-columns is-layout-flex wp-container-core-columns-is-layout-9d6595d7 wp-block-columns-is-layout-flex\">\n<div class=\"wp-block-column is-layout-flow wp-block-column-is-layout-flow\" style=\"flex-basis:66.66%\">\n<p>\u6211\u4eec\u7684\u56e2\u961f\u79ef\u6781\u8fdb\u53d6\uff0c\u5168\u529b\u652f\u6301\u57fa\u91d1\u4f1a\u7684\u76ee\u6807\uff0c\u5373\u4e3a\u6c49\u5821\u7684\u53d7\u8bad\u4eba\u5458\u63d0\u4f9b\u7ecf\u6d4e\u9002\u7528\u623f\uff0c\u4f7f\u53d7\u8bad\u4eba\u5458\u7684\u804c\u4e1a\u751f\u6daf\u6709\u4e00\u4e2a\u6210\u529f\u7684\u5f00\u7aef\u3002\u5982\u679c\u60a8\u6b63\u5728\u5bfb\u627e\u65b0\u7684\u6311\u6218\uff0c\u6211\u4eec\u975e\u5e38\u6b22\u8fce\u60a8\u52a0\u5165\u6211\u4eec\u7684\u56e2\u961f\u3002<\/p>\n<\/div>\n\n\n\n<div class=\"wp-block-column is-layout-flow wp-block-column-is-layout-flow\" style=\"flex-basis:33.33%\"><\/div>\n<\/div>\n\n\n\n<div class=\"wp-block-group\"><div class=\"wp-block-group__inner-container is-layout-constrained wp-block-group-is-layout-constrained\">\n<h2 class=\"wp-block-heading\" id=\"stellenausschreibungen\">\u62db\u8058\u5e7f\u544a<\/h2>\n<\/div><\/div>\n\n\n\n<div class=\"wp-block-buttons is-layout-flex wp-block-buttons-is-layout-flex\">\n<div class=\"wp-block-button is-style-primary\"><a class=\"wp-block-button__link wp-element-button\" href=\"https:\/\/azubiwerk-hamburg.de\/cn\/stellenbewerbung\/\" target=\"_blank\" rel=\"noreferrer noopener\">\u63d0\u4ea4\u7533\u8bf7<\/a><\/div>\n<\/div>\n\n\n\n<p><strong><a href=\"https:\/\/azubiwerk-hamburg.de\/wp-content\/uploads\/2026\/03\/Ausschreibung-Azubiwerk-Verwaltungs-und-Kaufmaennische-Leitung-1-1.pdf\" data-type=\"link\" data-id=\"https:\/\/azubiwerk-hamburg.de\/wp-content\/uploads\/2026\/03\/Ausschreibung-Azubiwerk-Verwaltungs-und-Kaufmaennische-Leitung-1-1.pdf\">Verwaltungs- und Kaufm\u00e4nnische Leitung (m\/w\/d) in Vollzeit<\/a><\/strong><\/p>\n\n\n\n<p><a href=\"https:\/\/azubiwerk-hamburg.de\/wp-content\/uploads\/2026\/04\/Stellenausschreibung-Paedagogische-Fachkraft-.pdf\" data-type=\"link\" data-id=\"https:\/\/azubiwerk-hamburg.de\/wp-content\/uploads\/2026\/04\/Stellenausschreibung-Paedagogische-Fachkraft-.pdf\"><strong>P\u00e4dagogische Fachkraft (m\/w\/d) mit 19,5 bis 39 Stunden\/Woche<\/strong> <\/a><\/p>\n\n\n\n<p><strong><a href=\"https:\/\/azubiwerk-hamburg.de\/wp-content\/uploads\/2026\/04\/Stellenausschreibung-BFD-.pdf\" data-type=\"link\" data-id=\"https:\/\/azubiwerk-hamburg.de\/wp-content\/uploads\/2026\/04\/Stellenausschreibung-BFD-.pdf\">Bundesfreiwilligendienst (m\/w\/d) mit 25 bis 39 Stunden\/Woche<\/a><\/strong><\/p>\n\n\n\n<p><\/p>","protected":false},"excerpt":{"rendered":"<p>Unser Team ist hochmotiviert und steht voll hinter dem Stiftungsziel, g\u00fcnstigen Wohnraum f\u00fcr Azubis in Hamburg zu schaffen und Auszubildenden einen erfolgreichen Start in das Berufsleben zu erm\u00f6glichen. Wenn Sie auf der Suche nach einer neuen Herausforderung sind, freuen wir uns, wenn Sie unser Team kompetent verst\u00e4rken. STELLENAUSSCHREIBUNGEN Verwaltungs- und Kaufm\u00e4nnische Leitung (m\/w\/d) in Vollzeit&hellip;&nbsp;<a href=\"https:\/\/azubiwerk-hamburg.de\/cn\/karriere\/\" rel=\"bookmark\">\u66f4\u591a<span class=\"screen-reader-text\">\u804c\u4e1a\u751f\u6daf<\/span><\/a><\/p>","protected":false},"author":4,"featured_media":0,"parent":0,"menu_order":0,"comment_status":"closed","ping_status":"closed","template":"","meta":{"neve_meta_sidebar":"","neve_meta_container":"","neve_meta_enable_content_width":"","neve_meta_content_width":0,"neve_meta_title_alignment":"","neve_meta_author_avatar":"","neve_post_elements_order":"","neve_meta_disable_header":"","neve_meta_disable_footer":"","neve_meta_disable_title":"","neve_meta_reading_time":"","footnotes":""},"class_list":["post-1051","page","type-page","status-publish","hentry"],"_links":{"self":[{"href":"https:\/\/azubiwerk-hamburg.de\/cn\/wp-json\/wp\/v2\/pages\/1051","targetHints":{"allow":["GET"]}}],"collection":[{"href":"https:\/\/azubiwerk-hamburg.de\/cn\/wp-json\/wp\/v2\/pages"}],"about":[{"href":"https:\/\/azubiwerk-hamburg.de\/cn\/wp-json\/wp\/v2\/types\/page"}],"author":[{"embeddable":true,"href":"https:\/\/azubiwerk-hamburg.de\/cn\/wp-json\/wp\/v2\/users\/4"}],"replies":[{"embeddable":true,"href":"https:\/\/azubiwerk-hamburg.de\/cn\/wp-json\/wp\/v2\/comments?post=1051"}],"version-history":[{"count":59,"href":"https:\/\/azubiwerk-hamburg.de\/cn\/wp-json\/wp\/v2\/pages\/1051\/revisions"}],"predecessor-version":[{"id":2725,"href":"https:\/\/azubiwerk-hamburg.de\/cn\/wp-json\/wp\/v2\/pages\/1051\/revisions\/2725"}],"wp:attachment":[{"href":"https:\/\/azubiwerk-hamburg.de\/cn\/wp-json\/wp\/v2\/media?parent=1051"}],"curies":[{"name":"wp","href":"https:\/\/api.w.org\/{rel}","templated":true}]}}